{"id":100863,"date":"2023-09-15T11:09:26","date_gmt":"2023-09-15T08:09:26","guid":{"rendered":"https:\/\/www.robonomist.com\/?page_id=100863"},"modified":"2025-03-26T14:59:47","modified_gmt":"2025-03-26T11:59:47","slug":"datapata","status":"publish","type":"page","link":"https:\/\/robonomist.com\/en\/datapata\/","title":{"rendered":"Datapata (Excel Add-in)"},"content":{"rendered":"<div data-elementor-type=\"wp-post\" data-elementor-id=\"100863\" class=\"elementor elementor-100863\" data-elementor-settings=\"[]\">\n\t\t\t\t\t\t\t<div class=\"elementor-section-wrap\">\n\t\t\t\t\t\t\t<section class=\"elementor-section elementor-top-section elementor-element elementor-element-e5c711c elementor-section-boxed elementor-section-height-default elementor-section-height-default\" data-id=\"e5c711c\" data-element_type=\"section\">\n\t\t\t\t\t\t<div class=\"elementor-container elementor-column-gap-default\">\n\t\t\t\t\t<div class=\"elementor-column elementor-col-50 elementor-top-column elementor-element elementor-element-6336e90\" data-id=\"6336e90\" data-element_type=\"column\" data-settings=\"{&quot;background_background&quot;:&quot;classic&quot;}\">\n\t\t\t<div class=\"elementor-widget-wrap elementor-element-populated\">\n\t\t\t\t\t\t\t\t<div class=\"elementor-element elementor-element-23696c2 elementor-widget elementor-widget-text-editor\" data-id=\"23696c2\" data-element_type=\"widget\" data-widget_type=\"text-editor.default\">\n\t\t\t\t<div class=\"elementor-widget-container\">\n\t\t\t\t\t\t\t\t<h2 style=\"text-align: center;\"><span style=\"color: #ad5782;\">ROBONOMIST DATAPATA - EXCEL ADD-IN<\/span><\/h2>\t\t\t\t\t\t<\/div>\n\t\t\t\t<\/div>\n\t\t\t\t<div class=\"elementor-element elementor-element-e391c00 elementor-widget elementor-widget-text-editor\" data-id=\"e391c00\" data-element_type=\"widget\" data-widget_type=\"text-editor.default\">\n\t\t\t\t<div class=\"elementor-widget-container\">\n\t\t\t\t\t\t\t\t<h1 style=\"text-align: center;\"><span style=\"font-size: 32pt;\">ALL OPEN DATA TO EXCEL<\/span><\/h1>\t\t\t\t\t\t<\/div>\n\t\t\t\t<\/div>\n\t\t\t\t<div class=\"elementor-element elementor-element-1bcea61 elementor-widget elementor-widget-text-editor\" data-id=\"1bcea61\" data-element_type=\"widget\" data-widget_type=\"text-editor.default\">\n\t\t\t\t<div class=\"elementor-widget-container\">\n\t\t\t\t\t\t\t\t<p style=\"text-align: center;\" class=\"translation-block\"><span data-token-index=\"0\" class=\"notion-enable-hover\" style=\"font-size: 12pt\">Datapata enhances expert work by bringing p<\/span><span data-token-index=\"0\" class=\"notion-enable-hover\"><span style=\"font-size: 12pt\">ublic datasets effortlessly into your workflow. Take advantage of automatically updating data in the Excel environment \u2013 streamline reporting and eliminate knowledge work routines.<\/span><\/span><\/p>\t\t\t\t\t\t<\/div>\n\t\t\t\t<\/div>\n\t\t\t\t<div class=\"elementor-element elementor-element-e881af7 elementor-align-center elementor-widget elementor-widget-button\" data-id=\"e881af7\" data-element_type=\"widget\" data-widget_type=\"button.default\">\n\t\t\t\t<div class=\"elementor-widget-container\">\n\t\t\t\t\t<div class=\"elementor-button-wrapper\">\n\t\t\t<a href=\"https:\/\/robonomist.com\/en\/contact\/\" target=\"_blank\" class=\"elementor-button-link elementor-button elementor-size-sm\" role=\"button\">\n\t\t\t\t\t\t<span class=\"elementor-button-content-wrapper\">\n\t\t\t\t\t\t<span class=\"elementor-button-text\">Contact<\/span>\n\t\t<\/span>\n\t\t\t\t\t<\/a>\n\t\t<\/div>\n\t\t\t\t<\/div>\n\t\t\t\t<\/div>\n\t\t\t\t\t<\/div>\n\t\t<\/div>\n\t\t\t\t<div class=\"elementor-column elementor-col-50 elementor-top-column elementor-element elementor-element-4b82e59\" data-id=\"4b82e59\" data-element_type=\"column\">\n\t\t\t<div class=\"elementor-widget-wrap elementor-element-populated\">\n\t\t\t\t\t\t\t\t<div class=\"elementor-element elementor-element-5ec9b93 elementor-widget elementor-widget-image\" data-id=\"5ec9b93\" data-element_type=\"widget\" data-widget_type=\"image.default\">\n\t\t\t\t<div class=\"elementor-widget-container\">\n\t\t\t\t\t\t\t\t\t\t\t\t\t\t\t<img width=\"1257\" height=\"1257\" src=\"https:\/\/robonomist.com\/wp-content\/uploads\/Untitled-1.jpg\" class=\"attachment-full size-full\" alt=\"\" loading=\"lazy\" srcset=\"https:\/\/robonomist.com\/wp-content\/uploads\/Untitled-1.jpg 1257w, https:\/\/robonomist.com\/wp-content\/uploads\/Untitled-1-300x300.jpg 300w, https:\/\/robonomist.com\/wp-content\/uploads\/Untitled-1-1024x1024.jpg 1024w, https:\/\/robonomist.com\/wp-content\/uploads\/Untitled-1-150x150.jpg 150w, https:\/\/robonomist.com\/wp-content\/uploads\/Untitled-1-768x768.jpg 768w\" sizes=\"(max-width: 1257px) 100vw, 1257px\" \/>\t\t\t\t\t\t\t\t\t\t\t\t\t\t\t<\/div>\n\t\t\t\t<\/div>\n\t\t\t\t\t<\/div>\n\t\t<\/div>\n\t\t\t\t\t\t\t<\/div>\n\t\t<\/section>\n\t\t\t\t<section class=\"elementor-section elementor-top-section elementor-element elementor-element-118feba elementor-section-boxed elementor-section-height-default elementor-section-height-default\" data-id=\"118feba\" data-element_type=\"section\">\n\t\t\t\t\t\t<div class=\"elementor-container elementor-column-gap-default\">\n\t\t\t\t\t<div class=\"elementor-column elementor-col-100 elementor-top-column elementor-element elementor-element-467418a\" data-id=\"467418a\" data-element_type=\"column\">\n\t\t\t<div class=\"elementor-widget-wrap elementor-element-populated\">\n\t\t\t\t\t\t\t\t<div class=\"elementor-element elementor-element-fdffef5 elementor-widget elementor-widget-text-editor\" data-id=\"fdffef5\" data-element_type=\"widget\" data-widget_type=\"text-editor.default\">\n\t\t\t\t<div class=\"elementor-widget-container\">\n\t\t\t\t\t\t\t\t<blockquote><p class=\"translation-block\"><span style=\"color: #999999;font-family: Roboto;font-size: 12pt\">Statistics Finland, Eurostat, the European Commission, OECD, the World Bank, the International Monetary Fund (IMF), the European Central Bank (ECB), the Bank for International Settlements (BIS), the United Nations Conference on Trade and Development (UNCTAD), the Food and Agriculture Organization of the United Nations (FAO) <strong>and dozens of other sources<\/strong><\/span><\/p><\/blockquote>\t\t\t\t\t\t<\/div>\n\t\t\t\t<\/div>\n\t\t\t\t\t<\/div>\n\t\t<\/div>\n\t\t\t\t\t\t\t<\/div>\n\t\t<\/section>\n\t\t\t\t<section class=\"elementor-section elementor-top-section elementor-element elementor-element-2fe7dee elementor-section-boxed elementor-section-height-default elementor-section-height-default\" data-id=\"2fe7dee\" data-element_type=\"section\">\n\t\t\t\t\t\t\t<div class=\"elementor-background-overlay\"><\/div>\n\t\t\t\t\t\t\t<div class=\"elementor-container elementor-column-gap-default\">\n\t\t\t\t\t<div class=\"elementor-column elementor-col-50 elementor-top-column elementor-element elementor-element-a6dfa15\" data-id=\"a6dfa15\" data-element_type=\"column\">\n\t\t\t<div class=\"elementor-widget-wrap elementor-element-populated\">\n\t\t\t\t\t\t\t\t<div class=\"elementor-element elementor-element-9ed3144 elementor-widget elementor-widget-text-editor\" data-id=\"9ed3144\" data-element_type=\"widget\" data-widget_type=\"text-editor.default\">\n\t\t\t\t<div class=\"elementor-widget-container\">\n\t\t\t\t\t\t\t\t<h2>WHY DATAPATA?<\/h2><p class=\"translation-block\">With Datapata, you can bring thousands of data sources directly into Excel. Datapata is a cost-effective solution for expert work that relies on open data. You can combine public data with other sources, unlocking new possibilities and perspectives for your analysis. With automated reports and an optimized workflow, you can streamline processes and focus on what truly matters.<\/p>\t\t\t\t\t\t<\/div>\n\t\t\t\t<\/div>\n\t\t\t\t\t<\/div>\n\t\t<\/div>\n\t\t\t\t<div class=\"elementor-column elementor-col-50 elementor-top-column elementor-element elementor-element-185e452\" data-id=\"185e452\" data-element_type=\"column\">\n\t\t\t<div class=\"elementor-widget-wrap elementor-element-populated\">\n\t\t\t\t\t\t\t\t<div class=\"elementor-element elementor-element-0773610 elementor-widget elementor-widget-text-editor\" data-id=\"0773610\" data-element_type=\"widget\" data-widget_type=\"text-editor.default\">\n\t\t\t\t<div class=\"elementor-widget-container\">\n\t\t\t\t\t\t\t\t<h2>Who Is It For?<\/h2><p><span style=\"font-size: 12pt;\">Datapata is designed for experts who work with statistical data in the Excel environment. Many organizations face challenges in collecting, processing, and analyzing data \u2014 and Datapata provides the solution. It enables expert organizations, public sector actors, municipalities, companies, and research institutions to make data-driven decisions, improve efficiency, and empower their professionals to succeed.<\/span><\/p>\t\t\t\t\t\t<\/div>\n\t\t\t\t<\/div>\n\t\t\t\t\t<\/div>\n\t\t<\/div>\n\t\t\t\t\t\t\t<\/div>\n\t\t<\/section>\n\t\t\t\t<section class=\"elementor-section elementor-top-section elementor-element elementor-element-2bb2ad6 elementor-section-boxed elementor-section-height-default elementor-section-height-default\" data-id=\"2bb2ad6\" data-element_type=\"section\">\n\t\t\t\t\t\t<div class=\"elementor-container elementor-column-gap-default\">\n\t\t\t\t\t<div class=\"elementor-column elementor-col-33 elementor-top-column elementor-element elementor-element-bc69eb2\" data-id=\"bc69eb2\" data-element_type=\"column\">\n\t\t\t<div class=\"elementor-widget-wrap elementor-element-populated\">\n\t\t\t\t\t\t\t\t<div class=\"elementor-element elementor-element-8d5d634 elementor-widget elementor-widget-image\" data-id=\"8d5d634\" data-element_type=\"widget\" data-widget_type=\"image.default\">\n\t\t\t\t<div class=\"elementor-widget-container\">\n\t\t\t\t\t\t\t\t\t\t\t\t\t\t\t<img width=\"1\" height=\"1\" src=\"https:\/\/robonomist.com\/wp-content\/uploads\/line-graph-svgrepo-com.svg\" class=\"attachment-thumbnail size-thumbnail\" alt=\"\" loading=\"lazy\" \/>\t\t\t\t\t\t\t\t\t\t\t\t\t\t\t<\/div>\n\t\t\t\t<\/div>\n\t\t\t\t<div class=\"elementor-element elementor-element-386a57e elementor-widget elementor-widget-text-editor\" data-id=\"386a57e\" data-element_type=\"widget\" data-widget_type=\"text-editor.default\">\n\t\t\t\t<div class=\"elementor-widget-container\">\n\t\t\t\t\t\t\t\t<h3 style=\"text-align: center;\">VAST DATA RESERVE<\/h3><p style=\"text-align: center;\">Robonomist Datapata provides access to a wide range of data sources, covering both national and international databases. Over 80,000 data tables instantly available in the Excel tool.<\/p>\t\t\t\t\t\t<\/div>\n\t\t\t\t<\/div>\n\t\t\t\t\t<\/div>\n\t\t<\/div>\n\t\t\t\t<div class=\"elementor-column elementor-col-33 elementor-top-column elementor-element elementor-element-f61ef4c\" data-id=\"f61ef4c\" data-element_type=\"column\">\n\t\t\t<div class=\"elementor-widget-wrap elementor-element-populated\">\n\t\t\t\t\t\t\t\t<div class=\"elementor-element elementor-element-36ccd2e elementor-widget elementor-widget-image\" data-id=\"36ccd2e\" data-element_type=\"widget\" data-widget_type=\"image.default\">\n\t\t\t\t<div class=\"elementor-widget-container\">\n\t\t\t\t\t\t\t\t\t\t\t\t\t\t\t<img width=\"1\" height=\"1\" src=\"https:\/\/robonomist.com\/wp-content\/uploads\/time-svgrepo-com.svg\" class=\"attachment-thumbnail size-thumbnail\" alt=\"\" loading=\"lazy\" \/>\t\t\t\t\t\t\t\t\t\t\t\t\t\t\t<\/div>\n\t\t\t\t<\/div>\n\t\t\t\t<div class=\"elementor-element elementor-element-d515506 elementor-widget elementor-widget-text-editor\" data-id=\"d515506\" data-element_type=\"widget\" data-widget_type=\"text-editor.default\">\n\t\t\t\t<div class=\"elementor-widget-container\">\n\t\t\t\t\t\t\t\t<h3 style=\"text-align: center;\"><span data-token-index=\"0\" class=\"notion-enable-hover\">UP-TO-DATE<\/span><\/h3><p style=\"text-align: center;\">An always up-to-date data bank boosts expert work. Users don\u2019t need to worry about maintaining or updating the data \u2014 Datapata handles it all automatically.<\/p>\t\t\t\t\t\t<\/div>\n\t\t\t\t<\/div>\n\t\t\t\t\t<\/div>\n\t\t<\/div>\n\t\t\t\t<div class=\"elementor-column elementor-col-33 elementor-top-column elementor-element elementor-element-d871d52\" data-id=\"d871d52\" data-element_type=\"column\">\n\t\t\t<div class=\"elementor-widget-wrap elementor-element-populated\">\n\t\t\t\t\t\t\t\t<div class=\"elementor-element elementor-element-f579275 elementor-widget elementor-widget-image\" data-id=\"f579275\" data-element_type=\"widget\" data-widget_type=\"image.default\">\n\t\t\t\t<div class=\"elementor-widget-container\">\n\t\t\t\t\t\t\t\t\t\t\t\t\t\t\t<img width=\"1\" height=\"1\" src=\"https:\/\/robonomist.com\/wp-content\/uploads\/browse-svgrepo-com.svg\" class=\"attachment-thumbnail size-thumbnail\" alt=\"\" loading=\"lazy\" \/>\t\t\t\t\t\t\t\t\t\t\t\t\t\t\t<\/div>\n\t\t\t\t<\/div>\n\t\t\t\t<div class=\"elementor-element elementor-element-4ef2b66 elementor-widget elementor-widget-text-editor\" data-id=\"4ef2b66\" data-element_type=\"widget\" data-widget_type=\"text-editor.default\">\n\t\t\t\t<div class=\"elementor-widget-container\">\n\t\t\t\t\t\t\t\t<h3 style=\"text-align: center;\"><span data-token-index=\"0\" class=\"notion-enable-hover\">QUALITY<\/span><\/h3><p style=\"text-align: center;\">Public data sources are pre-parsed and effortlessly accessible across the entire organization. High-quality data enables more accurate analysis and better decision-making.<\/p>\t\t\t\t\t\t<\/div>\n\t\t\t\t<\/div>\n\t\t\t\t\t<\/div>\n\t\t<\/div>\n\t\t\t\t\t\t\t<\/div>\n\t\t<\/section>\n\t\t\t\t<section class=\"elementor-section elementor-top-section elementor-element elementor-element-c4a519e elementor-section-boxed elementor-section-height-default elementor-section-height-default\" data-id=\"c4a519e\" data-element_type=\"section\">\n\t\t\t\t\t\t<div class=\"elementor-container elementor-column-gap-default\">\n\t\t\t\t\t<div class=\"elementor-column elementor-col-33 elementor-top-column elementor-element elementor-element-e8cc459\" data-id=\"e8cc459\" data-element_type=\"column\">\n\t\t\t<div class=\"elementor-widget-wrap\">\n\t\t\t\t\t\t\t\t\t<\/div>\n\t\t<\/div>\n\t\t\t\t<div class=\"elementor-column elementor-col-33 elementor-top-column elementor-element elementor-element-ce522dc\" data-id=\"ce522dc\" data-element_type=\"column\">\n\t\t\t<div class=\"elementor-widget-wrap\">\n\t\t\t\t\t\t\t\t\t<\/div>\n\t\t<\/div>\n\t\t\t\t<div class=\"elementor-column elementor-col-33 elementor-top-column elementor-element elementor-element-06236c4\" data-id=\"06236c4\" data-element_type=\"column\">\n\t\t\t<div class=\"elementor-widget-wrap\">\n\t\t\t\t\t\t\t\t\t<\/div>\n\t\t<\/div>\n\t\t\t\t\t\t\t<\/div>\n\t\t<\/section>\n\t\t\t\t<section class=\"elementor-section elementor-top-section elementor-element elementor-element-34cb980 elementor-section-boxed elementor-section-height-default elementor-section-height-default\" data-id=\"34cb980\" data-element_type=\"section\">\n\t\t\t\t\t\t<div class=\"elementor-container elementor-column-gap-default\">\n\t\t\t\t\t<div class=\"elementor-column elementor-col-50 elementor-top-column elementor-element elementor-element-c1bf8c4\" data-id=\"c1bf8c4\" data-element_type=\"column\">\n\t\t\t<div class=\"elementor-widget-wrap elementor-element-populated\">\n\t\t\t\t\t\t\t\t<div class=\"elementor-element elementor-element-95659ce elementor-widget elementor-widget-text-editor\" data-id=\"95659ce\" data-element_type=\"widget\" data-widget_type=\"text-editor.default\">\n\t\t\t\t<div class=\"elementor-widget-container\">\n\t\t\t\t\t\t\t\t<h6 style=\"text-align: center;\"><span style=\"font-size: 24pt;\"><strong><span style=\"color: #ffffff;\">Basic Package<\/span><\/strong><\/span><\/h6><ul><li style=\"list-style-type: none;\"><ul><li><span style=\"font-family: Varta; font-size: 14pt;\">Access to 1\u201310 selected data sources<\/span><\/li><li><span style=\"font-family: Varta; font-size: 14pt;\">5 users<\/span><\/li><li><span style=\"font-family: Varta; font-size: 14pt;\">Daily updates<\/span><\/li><li><span style=\"font-family: Varta; font-size: 14pt;\">User support<\/span><\/li><li><strong><span style=\"font-family: Varta; font-size: 14pt;\">Price: from \u20ac690\/month<\/span><\/strong><\/li><\/ul><\/li><\/ul><ul><li style=\"list-style-type: none;\"><ul><li style=\"list-style-type: none;\"><ul><\/ul><\/li><\/ul><\/li><\/ul>\t\t\t\t\t\t<\/div>\n\t\t\t\t<\/div>\n\t\t\t\t\t<\/div>\n\t\t<\/div>\n\t\t\t\t<div class=\"elementor-column elementor-col-50 elementor-top-column elementor-element elementor-element-a2fca2a\" data-id=\"a2fca2a\" data-element_type=\"column\">\n\t\t\t<div class=\"elementor-widget-wrap elementor-element-populated\">\n\t\t\t\t\t\t\t\t<div class=\"elementor-element elementor-element-f7f639d elementor-widget elementor-widget-text-editor\" data-id=\"f7f639d\" data-element_type=\"widget\" data-widget_type=\"text-editor.default\">\n\t\t\t\t<div class=\"elementor-widget-container\">\n\t\t\t\t\t\t\t\t<h6 style=\"text-align: center;\"><span style=\"font-size: 24pt; color: #ffffff;\"><strong>Premium<\/strong><\/span><\/h6><ul><li style=\"list-style-type: none;\"><ul><li><span style=\"font-family: Varta; font-size: 14pt;\">Access to 20 data sources<\/span><\/li><li><span style=\"font-family: Varta; font-size: 14pt;\">Daily updates<\/span><\/li><li><span style=\"font-family: Varta; font-size: 14pt;\">User support and a dedicated account advisor<\/span><\/li><li><span style=\"font-family: Varta; font-size: 14pt;\">Option for custom data sources<\/span><\/li><li><strong><span style=\"font-family: Varta; font-size: 14pt;\">Price: from \u20ac2,000\/month<\/span><\/strong><\/li><\/ul><\/li><\/ul><ul><li style=\"list-style-type: none;\"><ul><li style=\"list-style-type: none;\"><ul><\/ul><\/li><\/ul><\/li><\/ul>\t\t\t\t\t\t<\/div>\n\t\t\t\t<\/div>\n\t\t\t\t\t<\/div>\n\t\t<\/div>\n\t\t\t\t\t\t\t<\/div>\n\t\t<\/section>\n\t\t\t\t<section class=\"elementor-section elementor-top-section elementor-element elementor-element-4259fea elementor-section-boxed elementor-section-height-default elementor-section-height-default\" data-id=\"4259fea\" data-element_type=\"section\">\n\t\t\t\t\t\t<div class=\"elementor-container elementor-column-gap-default\">\n\t\t\t\t\t<div class=\"elementor-column elementor-col-100 elementor-top-column elementor-element elementor-element-0879005\" data-id=\"0879005\" data-element_type=\"column\">\n\t\t\t<div class=\"elementor-widget-wrap elementor-element-populated\">\n\t\t\t\t\t\t\t\t<div class=\"elementor-element elementor-element-08cf8f1 elementor-widget elementor-widget-text-editor\" data-id=\"08cf8f1\" data-element_type=\"widget\" data-widget_type=\"text-editor.default\">\n\t\t\t\t<div class=\"elementor-widget-container\">\n\t\t\t\t\t\t\t\t<h3>EASY ONBOARDING<\/h3><p class=\"translation-block\"><span data-token-index=\"0\" class=\"notion-enable-hover\">Robonomist Datapata is quick and effortless to set up, allowing experts to start using data right away. Thanks to the clear interface, you can access the information you need in just a few clicks. No need for complex installations or lengthy onboarding. In addition, our team is ready to assist and support you if any questions or challenges arise. <a href=\"https:\/\/robonomist.com\/wp-content\/uploads\/Datapata_asennusohjeet_2022.pdf\" target=\"_blank\" rel=\"noopener\">See the Datapata installation guide here<\/a>.<\/span><\/p>\t\t\t\t\t\t<\/div>\n\t\t\t\t<\/div>\n\t\t\t\t<div class=\"elementor-element elementor-element-25f2e32 elementor-widget elementor-widget-text-editor\" data-id=\"25f2e32\" data-element_type=\"widget\" data-widget_type=\"text-editor.default\">\n\t\t\t\t<div class=\"elementor-widget-container\">\n\t\t\t\t\t\t\t\t<h3>USE CASES<\/h3><p><span data-token-index=\"0\" class=\"notion-enable-hover\">Datapata is an excellent tool for monitoring economic trends at national, Nordic, European, or global levels. On a more granular level, it can automate the tracking of industry developments. Public data includes extensive regional information that enables the monitoring of sectoral shifts, municipal well-being, population migration, health indicators, and income levels. With customs data, you can track export and import markets, while electricity market data provides real-time information on pricing and transmission.\u00a0<\/span><\/p><p><\/p>\t\t\t\t\t\t<\/div>\n\t\t\t\t<\/div>\n\t\t\t\t<div class=\"elementor-element elementor-element-f113c59 elementor-widget elementor-widget-text-editor\" data-id=\"f113c59\" data-element_type=\"widget\" data-widget_type=\"text-editor.default\">\n\t\t\t\t<div class=\"elementor-widget-container\">\n\t\t\t\t\t\t\t\t<h3>WE SUPPORT YOU IN PLANNING<\/h3><p><span data-token-index=\"0\" class=\"notion-enable-hover\">The Datapata service package includes full support \u2014 from selecting the right data sources to automating data workflows, and providing both technical and content-related assistance. We know public data sources and open data opportunities inside and out. We\u2019re happy to help you explore the available sources with your organization\u2019s specific needs in mind.<\/span><\/p>\t\t\t\t\t\t<\/div>\n\t\t\t\t<\/div>\n\t\t\t\t\t<\/div>\n\t\t<\/div>\n\t\t\t\t\t\t\t<\/div>\n\t\t<\/section>\n\t\t\t\t<section class=\"elementor-section elementor-top-section elementor-element elementor-element-5f69044 elementor-section-boxed elementor-section-height-default elementor-section-height-default\" data-id=\"5f69044\" data-element_type=\"section\">\n\t\t\t\t\t\t\t<div class=\"elementor-background-overlay\"><\/div>\n\t\t\t\t\t\t\t<div class=\"elementor-container elementor-column-gap-default\">\n\t\t\t\t\t<div class=\"elementor-column elementor-col-100 elementor-top-column elementor-element elementor-element-d595e1c\" data-id=\"d595e1c\" data-element_type=\"column\">\n\t\t\t<div class=\"elementor-widget-wrap elementor-element-populated\">\n\t\t\t\t\t\t\t\t<div class=\"elementor-element elementor-element-6808579 elementor-widget elementor-widget-advanced-text-block\" data-id=\"6808579\" data-element_type=\"widget\" data-widget_type=\"advanced-text-block.default\">\n\t\t\t\t<div class=\"elementor-widget-container\">\n\t\t\t<div class=\"futurio_extra_adv_text_block\" ><div class=\"text-content-block\"><h5 class=\"translation-block\"><span style=\"color: #333333;font-size: 24pt\">The Datapata installation guide is available here: <span style=\"text-decoration: underline;color: #ff9900\"><a href=\"https:\/\/robonomist.com\/wp-content\/uploads\/Datapata_asennusohjeet_2022.pdf\" target=\"_blank\" style=\"color: #ff9900;text-decoration: underline\" rel=\"noopener\">installation guide<\/a><\/span><\/span><\/h5><\/div><\/div>\t\t<\/div>\n\t\t\t\t<\/div>\n\t\t\t\t\t<\/div>\n\t\t<\/div>\n\t\t\t\t\t\t\t<\/div>\n\t\t<\/section>\n\t\t\t\t<section class=\"elementor-section elementor-top-section elementor-element elementor-element-eb6bf13 elementor-section-boxed elementor-section-height-default elementor-section-height-default\" data-id=\"eb6bf13\" data-element_type=\"section\">\n\t\t\t\t\t\t<div class=\"elementor-container elementor-column-gap-default\">\n\t\t\t\t\t<div class=\"elementor-column elementor-col-100 elementor-top-column elementor-element elementor-element-13a3107\" data-id=\"13a3107\" data-element_type=\"column\">\n\t\t\t<div class=\"elementor-widget-wrap elementor-element-populated\">\n\t\t\t\t\t\t\t\t<div class=\"elementor-element elementor-element-b6142e9 elementor-align-center elementor-widget elementor-widget-button\" data-id=\"b6142e9\" data-element_type=\"widget\" data-widget_type=\"button.default\">\n\t\t\t\t<div class=\"elementor-widget-container\">\n\t\t\t\t\t<div class=\"elementor-button-wrapper\">\n\t\t\t<a href=\"https:\/\/robonomist.com\/en\/contact\/\" target=\"_blank\" class=\"elementor-button-link elementor-button elementor-size-sm\" role=\"button\">\n\t\t\t\t\t\t<span class=\"elementor-button-content-wrapper\">\n\t\t\t\t\t\t<span class=\"elementor-button-text\">Contact<\/span>\n\t\t<\/span>\n\t\t\t\t\t<\/a>\n\t\t<\/div>\n\t\t\t\t<\/div>\n\t\t\t\t<\/div>\n\t\t\t\t\t<\/div>\n\t\t<\/div>\n\t\t\t\t\t\t\t<\/div>\n\t\t<\/section>\n\t\t\t\t<section class=\"elementor-section elementor-top-section elementor-element elementor-element-ceb7cf0 elementor-section-boxed elementor-section-height-default elementor-section-height-default\" data-id=\"ceb7cf0\" data-element_type=\"section\">\n\t\t\t\t\t\t<div class=\"elementor-container elementor-column-gap-default\">\n\t\t\t\t\t<div class=\"elementor-column elementor-col-50 elementor-top-column elementor-element elementor-element-9d498dd\" data-id=\"9d498dd\" data-element_type=\"column\">\n\t\t\t<div class=\"elementor-widget-wrap elementor-element-populated\">\n\t\t\t\t\t\t\t\t<div class=\"elementor-element elementor-element-59d4dfb elementor-widget elementor-widget-text-editor\" data-id=\"59d4dfb\" data-element_type=\"widget\" data-no-translation=\"\" data-widget_type=\"text-editor.default\">\n\t\t\t\t<div class=\"elementor-widget-container\">\n\t\t\t<style>.elementor-element-59d4dfb{display:none !important}<\/style>\t\t<\/div>\n\t\t\t\t<\/div>\n\t\t\t\t\t<\/div>\n\t\t<\/div>\n\t\t\t\t<div class=\"elementor-column elementor-col-50 elementor-top-column elementor-element elementor-element-b83845d\" data-id=\"b83845d\" data-element_type=\"column\">\n\t\t\t<div class=\"elementor-widget-wrap\">\n\t\t\t\t\t\t\t\t\t<\/div>\n\t\t<\/div>\n\t\t\t\t\t\t\t<\/div>\n\t\t<\/section>\n\t\t\t\t\t\t<\/div>\n\t\t\t\t\t<\/div>","protected":false},"excerpt":{"rendered":"<p>ROBONOMIST DATAPATA KAIKKI AVOIN DATA EXCELIIN Datapata tehostaa asiantuntijaty\u00f6t\u00e4 tuomalla julkiset tietoaineistot vaivattomasti k\u00e4ytt\u00f6\u00f6nne. Hy\u00f6dynn\u00e4 automaattisesti p\u00e4ivittyv\u00e4t aineistot Excel-ymp\u00e4rist\u00f6ss\u00e4 &#8211; virtaviivaista raportointi ja tietoty\u00f6n rutiinit. Ota yhteytt\u00e4 Tilastokeskus, Kuntatiedot, Vero, Tulli, Eurostat, Euroopan komissio, Luke, OECD, Maailmapankki, Opetushallinto, THL, Traficom, S\u00e4hk\u00f6 (Entso-e, Fingrid), IMF, Pohjoismaiset tilastokeskukset, el\u00e4keturvakeskus ja kymmeni\u00e4 muita [&hellip;]<\/p>","protected":false},"author":5,"featured_media":0,"parent":0,"menu_order":0,"comment_status":"closed","ping_status":"closed","template":"page-templates\/template-pagebuilder-full-width.php","meta":{"inline_featured_image":false,"_monsterinsights_skip_tracking":false,"_monsterinsights_sitenote_active":false,"_monsterinsights_sitenote_note":"","_monsterinsights_sitenote_category":0,"vintage":""},"_links":{"self":[{"href":"https:\/\/robonomist.com\/en\/wp-json\/wp\/v2\/pages\/100863"}],"collection":[{"href":"https:\/\/robonomist.com\/en\/wp-json\/wp\/v2\/pages"}],"about":[{"href":"https:\/\/robonomist.com\/en\/wp-json\/wp\/v2\/types\/page"}],"author":[{"embeddable":true,"href":"https:\/\/robonomist.com\/en\/wp-json\/wp\/v2\/users\/5"}],"replies":[{"embeddable":true,"href":"https:\/\/robonomist.com\/en\/wp-json\/wp\/v2\/comments?post=100863"}],"version-history":[{"count":137,"href":"https:\/\/robonomist.com\/en\/wp-json\/wp\/v2\/pages\/100863\/revisions"}],"predecessor-version":[{"id":105524,"href":"https:\/\/robonomist.com\/en\/wp-json\/wp\/v2\/pages\/100863\/revisions\/105524"}],"wp:attachment":[{"href":"https:\/\/robonomist.com\/en\/wp-json\/wp\/v2\/media?parent=100863"}],"curies":[{"name":"wp","href":"https:\/\/api.w.org\/{rel}","templated":true}]}}