{"id":42210,"date":"2020-07-29T09:46:10","date_gmt":"2020-07-29T06:46:10","guid":{"rendered":"http:\/\/robopress.robonomist.com\/?page_id=42210"},"modified":"2022-04-28T13:22:18","modified_gmt":"2022-04-28T10:22:18","slug":"case-palta","status":"publish","type":"page","link":"https:\/\/robonomist.com\/en\/case-palta\/","title":{"rendered":"Case Palta"},"content":{"rendered":"<figure class=\"wp-block-pullquote\"><blockquote><p>Tilastotietojen kanssa ty\u00f6skennelless\u00e4 merkitt\u00e4v\u00e4 osa ajasta kuluu rutiininomaisiin teht\u00e4viin, kuten tiedonhakuun ja p\u00e4ivitt\u00e4miseen sek\u00e4 aineistojen muokkaukseen ja k\u00e4sittelyyn. Automatisoimalla prosesseja pystymme tuottamaan enemm\u00e4n ja nopeampaa palvelua<\/p><\/blockquote><\/figure>\n\n\n\n<p>Palta halusi parantaa ty\u00f6n tuottavuutta ja ottaa ty\u00f6ntekoa tehostavia ratkaisuja k\u00e4ytt\u00f6\u00f6n. Rakensimme t\u00e4t\u00e4 varten Paltalle Robottiekonomistin, joka koostaa automaattisesti ajan tasalla olevat tiedot palvelualojen keskeisist\u00e4 tunnusluvuista. <\/p>\n\n\n\n<p>Palta hy\u00f6dynt\u00e4\u00e4 robottia kolmella eri tavalla tuottavuuden parantamiseksi:<\/p>\n\n\n\n<ol><li>Paltan nettisivulle Robonomistin rakentama Dashboard, jonne Robotti tuottaa ajan tasalla olevat kuviot ja tekstit <\/li><li>Paltan palvelujen suhdanteet -katsauksen kuviot p\u00e4ivittyv\u00e4t automaattisesti julkaisupohjaan<\/li><li>Lis\u00e4ksi robotti yll\u00e4pit\u00e4\u00e4 p\u00e4ivittyv\u00e4\u00e4 kuviopankkia sek\u00e4 teknist\u00e4 ennustetta palvelualojen liikevaihdosta ja ty\u00f6llisyydest\u00e4 <\/li><\/ol>\n\n\n\n<h3 class=\"has-text-align-center\">Toteutus<\/h3>\n\n\n\n<p>Robotti hakee datan p\u00e4ivitt\u00e4in eri l\u00e4hteist\u00e4 sek\u00e4 k\u00e4sittelee, analysoi ja p\u00e4ivitt\u00e4\u00e4 tiedot graafi- ja tekstimuodossa. Tiedon haussa hy\u00f6dynnet\u00e4\u00e4n Robonomistin kehitt\u00e4m\u00e4\u00e4 tietoalustaa, johon on kytketty lukuisia eri tilastol\u00e4hteit\u00e4 Tullista Euroopan komissioon.<\/p>\n\n\n\n<p>Paltan Dashboard on toteutettu kevye\u00e4ll\u00e4 tavalla hy\u00f6dynt\u00e4m\u00e4ll\u00e4 iframe upotuksia. N\u00e4in kuviot ja tekstit on helppo upottaa nettisivulle. Lis\u00e4ksi on mahdollista muokata j\u00e4rjestyst\u00e4 ja lis\u00e4t\u00e4 ihmisen kirjoittamaa teksti\u00e4 robotin tuottaman tekstin joukkoon. <\/p>\n\n\n\n<p>Jotta tuotetut kuviot olisivat helposti saatavilla, robotti muodostaa my\u00f6s kaikki kuviot sis\u00e4lt\u00e4v\u00e4t Powerpoint kalvosetin.  <\/p>\n\n\n\n<h3 class=\"has-text-align-center\">Valmis palvelu<\/h3>\n\n\n\n<p class=\"has-text-align-center\"><a href=\"https:\/\/www.palta.fi\/palvelualat-suomessa\/\" target=\"_blank\" rel=\"noreferrer noopener\">Palta Dashboard<\/a><\/p>\n\n\n\n<p class=\"has-text-align-center\"><a rel=\"noreferrer noopener\" href=\"https:\/\/www.palta.fi\/wp-content\/uploads\/2020\/03\/PALVELUIDEN_SUHDANNEKATSAUS_9.3.2020.pdf\" target=\"_blank\">Palta suhdannekatsaus<\/a><\/p>","protected":false},"excerpt":{"rendered":"<p>Tilastotietojen kanssa ty\u00f6skennelless\u00e4 merkitt\u00e4v\u00e4 osa ajasta kuluu rutiininomaisiin teht\u00e4viin, kuten tiedonhakuun ja p\u00e4ivitt\u00e4miseen sek\u00e4 aineistojen muokkaukseen ja k\u00e4sittelyyn. Automatisoimalla prosesseja pystymme tuottamaan enemm\u00e4n ja nopeampaa palvelua Palta halusi parantaa ty\u00f6n tuottavuutta ja ottaa ty\u00f6ntekoa tehostavia ratkaisuja k\u00e4ytt\u00f6\u00f6n. Rakensimme t\u00e4t\u00e4 varten Paltalle Robottiekonomistin, joka koostaa automaattisesti ajan tasalla olevat tiedot palvelualojen [&hellip;]<\/p>","protected":false},"author":3,"featured_media":0,"parent":0,"menu_order":0,"comment_status":"closed","ping_status":"closed","template":"","meta":{"inline_featured_image":false,"_monsterinsights_skip_tracking":false,"_monsterinsights_sitenote_active":false,"_monsterinsights_sitenote_note":"","_monsterinsights_sitenote_category":0,"vintage":""},"_links":{"self":[{"href":"https:\/\/robonomist.com\/en\/wp-json\/wp\/v2\/pages\/42210"}],"collection":[{"href":"https:\/\/robonomist.com\/en\/wp-json\/wp\/v2\/pages"}],"about":[{"href":"https:\/\/robonomist.com\/en\/wp-json\/wp\/v2\/types\/page"}],"author":[{"embeddable":true,"href":"https:\/\/robonomist.com\/en\/wp-json\/wp\/v2\/users\/3"}],"replies":[{"embeddable":true,"href":"https:\/\/robonomist.com\/en\/wp-json\/wp\/v2\/comments?post=42210"}],"version-history":[{"count":11,"href":"https:\/\/robonomist.com\/en\/wp-json\/wp\/v2\/pages\/42210\/revisions"}],"predecessor-version":[{"id":100231,"href":"https:\/\/robonomist.com\/en\/wp-json\/wp\/v2\/pages\/42210\/revisions\/100231"}],"wp:attachment":[{"href":"https:\/\/robonomist.com\/en\/wp-json\/wp\/v2\/media?parent=42210"}],"curies":[{"name":"wp","href":"https:\/\/api.w.org\/{rel}","templated":true}]}}