{"id":47904,"date":"2020-08-12T09:57:34","date_gmt":"2020-08-12T06:57:34","guid":{"rendered":"https:\/\/www.robonomist.com\/?page_id=47904"},"modified":"2025-03-28T11:42:04","modified_gmt":"2025-03-28T08:42:04","slug":"blogi","status":"publish","type":"page","link":"https:\/\/robonomist.com\/en\/blogi\/","title":{"rendered":"Blog"},"content":{"rendered":"<ul class=\"wp-block-latest-posts__list has-dates wp-block-latest-posts\"><li><a href=\"https:\/\/robonomist.com\/en\/kiitos-robonomist-matkani-jatkuu\/\">Kiitos Robonomist, matkani jatkuu!<\/a><time datetime=\"2025-08-20T10:30:22+03:00\" class=\"wp-block-latest-posts__post-date\">20.8.2025<\/time><div class=\"wp-block-latest-posts__post-excerpt\">En kaksi vuotta sitten arvannutkaan, miten monipuoliselle matkalle olin Robonomistin kanssa l\u00e4hd\u00f6ss\u00e4. Olen kiitollinen siit\u00e4, ett\u00e4 olen saanut mahdollisuuden olla mukana data-automaatioratkaisujen edell\u00e4k\u00e4vij\u00e4n matkassa, tekem\u00e4ss\u00e4 monipuolisesti data-analytiikkaa ja ohjelmistokehityst\u00e4 sek\u00e4 olemaan asiakasrajapinnassa liiketoimintaa kehitt\u00e4en. On ollut innostavaa p\u00e4\u00e4st\u00e4 ratkomaan teknisi\u00e4 haasteita, mutta yht\u00e4 palkitsevaa oli p\u00e4\u00e4st\u00e4 pohtimaan isompia kokonaisuuksia ja [&hellip;]<\/div><\/li>\n<li><a href=\"https:\/\/robonomist.com\/en\/talousennusteet-fi-uusimmat-talousennusteet-suomesta\/\">Talousennusteet.fi &#8211; Uusimmat talousennusteet Suomesta<\/a><time datetime=\"2025-04-07T08:45:00+03:00\" class=\"wp-block-latest-posts__post-date\">7.4.2025<\/time><div class=\"wp-block-latest-posts__post-excerpt\">Talousennusteet.fi \u2013 Uusimmat talousennusteet Suomesta Talousennusteet.fi on Robonomist Oy:n kehitt\u00e4m\u00e4 uusi verkkopalvelu, joka kokoaa ja jakaa avoimesti Suomen talouden ennustelukuja. Palvelu on suunnattu alan asiantuntijoille; tutkijoille, ekonomisteille ja tilastotieteilij\u00f6ille ja kaikille talouden luvuista kiinnostuneille, ja se vastaa tarpeeseen saada hajallaan olleet talousennusteet helposti saataville yhteen paikkaan, luotettavasti ja nopeasti. Palvelu [&hellip;]<\/div><\/li>\n<li><a href=\"https:\/\/robonomist.com\/en\/robonomistin-tarina\/\">Robonomist Story<\/a><time datetime=\"2024-10-11T13:35:16+03:00\" class=\"wp-block-latest-posts__post-date\">11.10.2024<\/time><div class=\"wp-block-latest-posts__post-excerpt\">Robonomist was born when the company\u2019s founders, Juha and Otto, grew tired of the endless routine tasks of expert work. The challenges of maintaining continuous data production often result in experts handling the same information or data day after day, month after month. We wanted to create a solution that would free experts to focus on what truly requires their expertise \u2013 analysis and insights.<\/div><\/li>\n<li><a href=\"https:\/\/robonomist.com\/en\/talousseurannan-tyokalut-kunnossa\/\">Are Your Macroeconomic Monitoring Tools Up to Date?<\/a><time datetime=\"2024-09-03T15:28:59+03:00\" class=\"wp-block-latest-posts__post-date\">3.9.2024<\/time><div class=\"wp-block-latest-posts__post-excerpt\">At Robonomist, we are dedicated automation enthusiasts, fully committed to leveraging software robotics in data production. This means that we rarely engage in hourly-based expert work or one-off manual tasks. However, when it comes to the perfect fusion of our two favorite topics\u2014economic data and data MacGyvering\u2014we must admit that high-quality global economic monitoring still requires an expert human touch. And not even AI can handle that just yet.<\/div><\/li>\n<li><a href=\"https:\/\/robonomist.com\/en\/katsaus-vaestoryhmien-alueelliseen-jakautumiseen-kunnissa-tarkastelussa-helsinki-ja-manner-suomen-kunnat\/\">Katsaus v\u00e4est\u00f6ryhmien alueelliseen jakautumiseen kunnissa \u2014 tarkastelussa Helsinki ja Manner-Suomen kunnat<\/a><time datetime=\"2024-05-14T11:38:32+03:00\" class=\"wp-block-latest-posts__post-date\">14.5.2024<\/time><div class=\"wp-block-latest-posts__post-excerpt\">Miten Helsingin ydinkeskustasta tehd\u00e4\u00e4n nykyist\u00e4 houkuttelevampi ja toisaalta, mitk\u00e4 tekij\u00e4t ohjaavat ihmiset viett\u00e4m\u00e4\u00e4n aikaansa muualle? Helsingin Sanomat julkaisivat hiljattain artikkelin keskusta-alueen n\u00e4ivtettymisest\u00e4; puuttuvatko keskusta-alueen kortteleista yhteis\u00f6t ja palvelut? Keskusta-alueen n\u00e4ivettyminen nousee s\u00e4\u00e4nn\u00f6llisin v\u00e4liajoin otsikoihin ja onhan aihe kaupungillekin t\u00e4rke\u00e4. Asiaa alleviivaa my\u00f6s HELY-ty\u00f6ryhm\u00e4n olemassa olo; Helsingin kaupungin kansliap\u00e4\u00e4llik\u00f6n asettama ty\u00f6ryhm\u00e4, [&hellip;]<\/div><\/li>\n<li><a href=\"https:\/\/robonomist.com\/en\/asiantuntijatyon-jatkuva-tehostaminen-on-vastuullista\/\">Asiantuntijaty\u00f6n jatkuva tehostaminen on vastuullista<\/a><time datetime=\"2024-02-01T12:55:00+03:00\" class=\"wp-block-latest-posts__post-date\">1.2.2024<\/time><div class=\"wp-block-latest-posts__post-excerpt\">Asiantuntijaty\u00f6n jatkuva tehostaminen on vastuullista Kuvittele maailma, jossa p\u00e4\u00e4t\u00f6kset teht\u00e4isiin aina tuoreimman datan perusteella, eli tuorein tieto olisi aina saatavilla ja heti k\u00e4ytt\u00f6valmiina kun sit\u00e4 tarvitaan. T\u00e4ss\u00e4 maailmassa asiantuntijat saisivat jalostetun tiedon k\u00e4ytt\u00f6\u00f6n heti, analysoitu tieto voitaisiin julkaista v\u00e4litt\u00f6m\u00e4sti ja esimerkiksi johtoryhm\u00e4n raportit, kuntien ja toimialojen tilannekuvat, talousanalyysit ja maaraportit [&hellip;]<\/div><\/li>\n<li><a href=\"https:\/\/robonomist.com\/en\/datatiede-liiketoiminnan-keskiossa\/\">Datatiede liiketoiminnan keski\u00f6ss\u00e4<\/a><time datetime=\"2024-01-23T17:05:12+03:00\" class=\"wp-block-latest-posts__post-date\">23.1.2024<\/time><div class=\"wp-block-latest-posts__post-excerpt\">Datatiede liiketoiminnan keski\u00f6ss\u00e4 Sain viime syksyn\u00e4 mahdollisuuden l\u00e4hte\u00e4 mukaan Robonomistin toimintaan, ja samalla perehty\u00e4 datatieteen saloihin. Kun me Robonomistilla kehit\u00e4mme ratkaisuja asiantuntijaty\u00f6n automatisointiin, datanhallinnasta analyysiin ja julkaisuun, on toimintamme keski\u00f6ss\u00e4 tiedel\u00e4ht\u00f6isyys. Voinkin todella todeta, ett\u00e4 olen p\u00e4\u00e4ssyt osaksi jotain suurta. Tiedel\u00e4ht\u00f6isen liiketoiminnan asiakasarvon voisi kiteytt\u00e4\u00e4 yhteen sanaan: laatu. Avaan asiaa [&hellip;]<\/div><\/li>\n<li><a href=\"https:\/\/robonomist.com\/en\/korona-kunnissa-update\/\">Koronaepidemia Suomen kunnissa &#8211; p\u00e4ivitys<\/a><time datetime=\"2020-09-23T12:08:30+03:00\" class=\"wp-block-latest-posts__post-date\">23.9.2020<\/time><div class=\"wp-block-latest-posts__post-excerpt\">Johtop\u00e4\u00e4t\u00f6kset Tartuntoja selitt\u00e4\u00e4 yh\u00e4 samat tekij\u00e4t kuin kes\u00e4ll\u00e4 V\u00e4kiluku, ty\u00f6ik\u00e4isten osuus ja asumisen ahtaus ennakoivat suurempia tartuntam\u00e4\u00e4ri\u00e4 Kes\u00e4m\u00f6kkien m\u00e4\u00e4r\u00e4, pendel\u00f6inti ja ulkomaalaisten osuus eiv\u00e4t itsess\u00e4\u00e4n ennakoineet suurempia tartuntam\u00e4\u00e4ri\u00e4 Tampere, Joensuu ja Turku ovat s\u00e4\u00e4styneet yll\u00e4tt\u00e4v\u00e4n hyvin tartunnoilta Toinen aalto Elokuun alkupuolella koronaepidemian toisen aallon kynnyksell\u00e4 tarkastelin Suomen kuntien tartuntam\u00e4\u00e4ri\u00e4 selitt\u00e4vi\u00e4 [&hellip;]<\/div><\/li>\n<li><a href=\"https:\/\/robonomist.com\/en\/kuntien-vaestoennusteet-animoituna\/\">Kuntien v\u00e4est\u00f6ennusteet animoituna<\/a><time datetime=\"2020-09-18T13:14:56+03:00\" class=\"wp-block-latest-posts__post-date\">18.9.2020<\/time><div class=\"wp-block-latest-posts__post-excerpt\">Suomen v\u00e4est\u00f6 ik\u00e4\u00e4ntyy, mutta erot kuntien v\u00e4lill\u00e4 ovat valtavia. Tulevina vuosikymmenin\u00e4 kuntien tilanne uhkaa eriyty\u00e4 monista syist\u00e4. Syntyvyyden lasku, kaupungistuminen ja talouden toimialarakenteen muutos muokkaavat kuntien v\u00e4est\u00f6\u00e4 eri tavoin. Tilastokeskuksen alueelliset v\u00e4est\u00f6ennusteet antavat hyv\u00e4n kuvan tulevista haasteista. V\u00e4est\u00f6n ik\u00e4rakenteen lis\u00e4ksi on t\u00e4rke\u00e4 havainnollistaa my\u00f6s ty\u00f6llisten osuutta v\u00e4est\u00f6ss\u00e4. Siksi Robonomist on [&hellip;]<\/div><\/li>\n<li><a href=\"https:\/\/robonomist.com\/en\/miten-kuntakortti-tehtiin\/\">Miten Kuntakortti tehtiin?<\/a><time datetime=\"2020-09-03T09:25:37+03:00\" class=\"wp-block-latest-posts__post-date\">3.9.2020<\/time><div class=\"wp-block-latest-posts__post-excerpt\">Robonomist tuottaa joka aamu yli 3000 sivua raporttia kunnille p\u00e4\u00e4t\u00f6ksenteon tueksi. Kerron, miten se on mahdollista.<\/div><\/li>\n<\/ul>","protected":false},"excerpt":{"rendered":"","protected":false},"author":1,"featured_media":99564,"parent":0,"menu_order":0,"comment_status":"closed","ping_status":"closed","template":"","meta":{"inline_featured_image":false,"_monsterinsights_skip_tracking":false,"_monsterinsights_sitenote_active":false,"_monsterinsights_sitenote_note":"","_monsterinsights_sitenote_category":0,"vintage":""},"_links":{"self":[{"href":"https:\/\/robonomist.com\/en\/wp-json\/wp\/v2\/pages\/47904"}],"collection":[{"href":"https:\/\/robonomist.com\/en\/wp-json\/wp\/v2\/pages"}],"about":[{"href":"https:\/\/robonomist.com\/en\/wp-json\/wp\/v2\/types\/page"}],"author":[{"embeddable":true,"href":"https:\/\/robonomist.com\/en\/wp-json\/wp\/v2\/users\/1"}],"replies":[{"embeddable":true,"href":"https:\/\/robonomist.com\/en\/wp-json\/wp\/v2\/comments?post=47904"}],"version-history":[{"count":18,"href":"https:\/\/robonomist.com\/en\/wp-json\/wp\/v2\/pages\/47904\/revisions"}],"predecessor-version":[{"id":105212,"href":"https:\/\/robonomist.com\/en\/wp-json\/wp\/v2\/pages\/47904\/revisions\/105212"}],"wp:featuredmedia":[{"embeddable":true,"href":"https:\/\/robonomist.com\/en\/wp-json\/wp\/v2\/media\/99564"}],"wp:attachment":[{"href":"https:\/\/robonomist.com\/en\/wp-json\/wp\/v2\/media?parent=47904"}],"curies":[{"name":"wp","href":"https:\/\/api.w.org\/{rel}","templated":true}]}}