{"id":48874,"date":"2020-08-14T14:25:24","date_gmt":"2020-08-14T11:25:24","guid":{"rendered":"https:\/\/www.robonomist.com\/?page_id=48874"},"modified":"2020-10-19T09:29:20","modified_gmt":"2020-10-19T06:29:20","slug":"kuntakortti-kampanja","status":"publish","type":"page","link":"https:\/\/robonomist.com\/en\/kuntakortti-kampanja\/","title":{"rendered":"Kuntakortti \u2013 Ty\u00f6kalu kuntien tiedolla johtamisen tueksi"},"content":{"rendered":"<script>\/\/ Hide empty <a> tag within highlighted CodeBlock for screen reader accessibility (see https:\/\/github.com\/jgm\/pandoc\/issues\/6352#issuecomment-626106786) -->\n\/\/ v0.0.1\n\/\/ Written by JooYoung Seo (jooyoung@psu.edu) and Atsushi Yasumoto on June 1st, 2020.\n\ndocument.addEventListener('DOMContentLoaded', function() {\n  const codeList = document.getElementsByClassName(\"sourceCode\");\n  for (var i = 0; i < codeList.length; i++) {\n    var linkList = codeList[i].getElementsByTagName('a');\n    for (var j = 0; j < linkList.length; j++) {\n      if (linkList[j].innerHTML === \"\") {\n        linkList[j].setAttribute('aria-hidden', 'true');\n      }\n    }\n  }\n});\n<\/script>\n\n\n\n\n\n\n\n\n\n\n\n\n\n\n\n<div class=\"logocontainer\">\n<img loading=\"lazy\" alt=\"Kuntakortti-tarjous\" height=\"70%\" width=\"70%\" src=\"https:\/\/www.mdi.fi\/content\/uploads\/kuntakortti-elokuu-3-340x302px.png\" style=\"display: block; margin-left: auto;margin-right: auto; width: 70%\"\/>\n<\/div>\n<p>Robonomist Oy:n ja MDI:n <a href=\"https:\/\/www.mdi.fi\/content\/uploads\/esite-kuntakortti.pdf\">Municipality Report<\/a> kokoaa kunnan kehityst\u00e4 kuvaavat keskeisimm\u00e4t tilastotiedot yhdell\u00e4 silm\u00e4yksell\u00e4 samassa paketissa valmiiksi visualisoituna. Robotin teko\u00e4ly tarkistaa kunnan tunnusluvut p\u00e4ivitt\u00e4in. Palvelu on tehty erityisesti kaikille kuntien johtaville viranhaltijoille ja luottamushenkil\u00f6ille. Kuntakortti on hy\u00f6dyksi my\u00f6s mm. kuntayhtymille, seutukunnille, seudullisille kehitt\u00e4misyhti\u00f6lle ja maakuntaliitoille.<\/p>\n<p>Kampanja on p\u00e4\u00e4ttynyt.<\/p>\n<p><strong>Tilaa omasi<\/strong> <br> Lis\u00e4tietoa, hinnoittelun ja tilausohjeet l\u00f6yd\u00e4t osoitteesta <a href=\"https:\/\/www.mdi.fi\/kuntakortti\/\">www.mdi.fi\/kuntakortti<\/a>.<\/p>\n\n\n\n<!-- code folding -->","protected":false},"excerpt":{"rendered":"<p>Robonomist Oy:n ja MDI:n Kuntakortti kokoaa kunnan kehityst\u00e4 kuvaavat keskeisimm\u00e4t tilastotiedot yhdell\u00e4 silm\u00e4yksell\u00e4 samassa paketissa valmiiksi visualisoituna. Robotin teko\u00e4ly tarkistaa kunnan tunnusluvut p\u00e4ivitt\u00e4in. Palvelu on tehty erityisesti kaikille kuntien johtaville viranhaltijoille ja luottamushenkil\u00f6ille. Kuntakortti on hy\u00f6dyksi my\u00f6s mm. kuntayhtymille, seutukunnille, seudullisille kehitt\u00e4misyhti\u00f6lle ja maakuntaliitoille. Kampanja on p\u00e4\u00e4ttynyt. Tilaa omasi Lis\u00e4tietoa, [&hellip;]<\/p>","protected":false},"author":4,"featured_media":0,"parent":0,"menu_order":0,"comment_status":"open","ping_status":"closed","template":"","meta":{"inline_featured_image":false,"_monsterinsights_skip_tracking":false,"_monsterinsights_sitenote_active":false,"_monsterinsights_sitenote_note":"","_monsterinsights_sitenote_category":0,"vintage":""},"_links":{"self":[{"href":"https:\/\/robonomist.com\/en\/wp-json\/wp\/v2\/pages\/48874"}],"collection":[{"href":"https:\/\/robonomist.com\/en\/wp-json\/wp\/v2\/pages"}],"about":[{"href":"https:\/\/robonomist.com\/en\/wp-json\/wp\/v2\/types\/page"}],"author":[{"embeddable":true,"href":"https:\/\/robonomist.com\/en\/wp-json\/wp\/v2\/users\/4"}],"replies":[{"embeddable":true,"href":"https:\/\/robonomist.com\/en\/wp-json\/wp\/v2\/comments?post=48874"}],"version-history":[{"count":15,"href":"https:\/\/robonomist.com\/en\/wp-json\/wp\/v2\/pages\/48874\/revisions"}],"predecessor-version":[{"id":71295,"href":"https:\/\/robonomist.com\/en\/wp-json\/wp\/v2\/pages\/48874\/revisions\/71295"}],"wp:attachment":[{"href":"https:\/\/robonomist.com\/en\/wp-json\/wp\/v2\/media?parent=48874"}],"curies":[{"name":"wp","href":"https:\/\/api.w.org\/{rel}","templated":true}]}}