{"id":8,"date":"2020-01-29T09:43:00","date_gmt":"2020-01-29T09:43:00","guid":{"rendered":"http:\/\/35.228.241.94\/?page_id=8"},"modified":"2025-08-18T15:03:09","modified_gmt":"2025-08-18T12:03:09","slug":"contact","status":"publish","type":"page","link":"https:\/\/robonomist.com\/en\/contact\/","title":{"rendered":"Contact"},"content":{"rendered":"<div data-elementor-type=\"wp-page\" data-elementor-id=\"8\" class=\"elementor elementor-8\" data-elementor-settings=\"[]\">\n\t\t\t\t\t\t\t<div class=\"elementor-section-wrap\">\n\t\t\t\t\t\t\t<section class=\"elementor-section elementor-top-section elementor-element elementor-element-184aa06 elementor-hidden-phone elementor-section-boxed elementor-section-height-default elementor-section-height-default\" data-id=\"184aa06\" data-element_type=\"section\">\n\t\t\t\t\t\t<div class=\"elementor-container elementor-column-gap-default\">\n\t\t\t\t\t<div class=\"elementor-column elementor-col-100 elementor-top-column elementor-element elementor-element-242767c\" data-id=\"242767c\" data-element_type=\"column\">\n\t\t\t<div class=\"elementor-widget-wrap elementor-element-populated\">\n\t\t\t\t\t\t\t\t<div class=\"elementor-element elementor-element-f86cdd8 elementor-widget elementor-widget-heading\" data-id=\"f86cdd8\" data-element_type=\"widget\" data-widget_type=\"heading.default\">\n\t\t\t\t<div class=\"elementor-widget-container\">\n\t\t\t<h2 class=\"elementor-heading-title elementor-size-default\">Robonomistin tiimi<\/h2>\t\t<\/div>\n\t\t\t\t<\/div>\n\t\t\t\t\t<\/div>\n\t\t<\/div>\n\t\t\t\t\t\t\t<\/div>\n\t\t<\/section>\n\t\t\t\t<section class=\"elementor-section elementor-top-section elementor-element elementor-element-c545562 elementor-hidden-desktop elementor-hidden-tablet elementor-section-boxed elementor-section-height-default elementor-section-height-default\" data-id=\"c545562\" data-element_type=\"section\">\n\t\t\t\t\t\t<div class=\"elementor-container elementor-column-gap-default\">\n\t\t\t\t\t<div class=\"elementor-column elementor-col-100 elementor-top-column elementor-element elementor-element-cdf243b\" data-id=\"cdf243b\" data-element_type=\"column\">\n\t\t\t<div class=\"elementor-widget-wrap elementor-element-populated\">\n\t\t\t\t\t\t\t\t<div class=\"elementor-element elementor-element-9dedc92 elementor-widget elementor-widget-heading\" data-id=\"9dedc92\" data-element_type=\"widget\" data-widget_type=\"heading.default\">\n\t\t\t\t<div class=\"elementor-widget-container\">\n\t\t\t<h2 class=\"elementor-heading-title elementor-size-default\">Robonomistin tiimi<\/h2>\t\t<\/div>\n\t\t\t\t<\/div>\n\t\t\t\t\t<\/div>\n\t\t<\/div>\n\t\t\t\t\t\t\t<\/div>\n\t\t<\/section>\n\t\t\t\t<section class=\"elementor-section elementor-top-section elementor-element elementor-element-8c52a94 elementor-section-boxed elementor-section-height-default elementor-section-height-default\" data-id=\"8c52a94\" data-element_type=\"section\">\n\t\t\t\t\t\t<div class=\"elementor-container elementor-column-gap-default\">\n\t\t\t\t\t<div class=\"elementor-column elementor-col-50 elementor-top-column elementor-element elementor-element-21cfb37\" data-id=\"21cfb37\" data-element_type=\"column\">\n\t\t\t<div class=\"elementor-widget-wrap elementor-element-populated\">\n\t\t\t\t\t\t\t\t<div class=\"elementor-element elementor-element-f1d7e07 elementor-widget elementor-widget-image\" data-id=\"f1d7e07\" data-element_type=\"widget\" data-widget_type=\"image.default\">\n\t\t\t\t<div class=\"elementor-widget-container\">\n\t\t\t\t\t\t\t\t\t\t\t\t\t\t\t<img width=\"750\" height=\"750\" src=\"https:\/\/robonomist.com\/wp-content\/uploads\/MG_9567-2-1024x1024.jpg\" class=\"attachment-large size-large\" alt=\"\" loading=\"lazy\" srcset=\"https:\/\/robonomist.com\/wp-content\/uploads\/MG_9567-2-1024x1024.jpg 1024w, https:\/\/robonomist.com\/wp-content\/uploads\/MG_9567-2-300x300.jpg 300w, https:\/\/robonomist.com\/wp-content\/uploads\/MG_9567-2-150x150.jpg 150w, https:\/\/robonomist.com\/wp-content\/uploads\/MG_9567-2-768x768.jpg 768w, https:\/\/robonomist.com\/wp-content\/uploads\/MG_9567-2-1536x1536.jpg 1536w, https:\/\/robonomist.com\/wp-content\/uploads\/MG_9567-2-12x12.jpg 12w, https:\/\/robonomist.com\/wp-content\/uploads\/MG_9567-2.jpg 1779w\" sizes=\"(max-width: 750px) 100vw, 750px\" \/>\t\t\t\t\t\t\t\t\t\t\t\t\t\t\t<\/div>\n\t\t\t\t<\/div>\n\t\t\t\t<div class=\"elementor-element elementor-element-3c7967d elementor-widget elementor-widget-text-editor\" data-id=\"3c7967d\" data-element_type=\"widget\" data-widget_type=\"text-editor.default\">\n\t\t\t\t<div class=\"elementor-widget-container\">\n\t\t\t\t\t\t\t\t<p style=\"text-align: center;\"><strong>JUHA ITKONEN<\/strong><\/p>\n<p style=\"text-align: center;\"><span style=\"font-size: 12pt;\">juha@robonomist.com\u00a0<\/span><\/p>\t\t\t\t\t\t<\/div>\n\t\t\t\t<\/div>\n\t\t\t\t\t<\/div>\n\t\t<\/div>\n\t\t\t\t<div class=\"elementor-column elementor-col-50 elementor-top-column elementor-element elementor-element-69b0bf8\" data-id=\"69b0bf8\" data-element_type=\"column\">\n\t\t\t<div class=\"elementor-widget-wrap elementor-element-populated\">\n\t\t\t\t\t\t\t\t<div class=\"elementor-element elementor-element-f1ff9a6 elementor-widget elementor-widget-image\" data-id=\"f1ff9a6\" data-element_type=\"widget\" data-widget_type=\"image.default\">\n\t\t\t\t<div class=\"elementor-widget-container\">\n\t\t\t\t\t\t\t\t\t\t\t\t\t\t\t<img width=\"750\" height=\"750\" src=\"https:\/\/robonomist.com\/wp-content\/uploads\/MG_9562-1-1024x1024.jpg\" class=\"attachment-large size-large\" alt=\"\" loading=\"lazy\" srcset=\"https:\/\/robonomist.com\/wp-content\/uploads\/MG_9562-1-1024x1024.jpg 1024w, https:\/\/robonomist.com\/wp-content\/uploads\/MG_9562-1-300x300.jpg 300w, https:\/\/robonomist.com\/wp-content\/uploads\/MG_9562-1-150x150.jpg 150w, https:\/\/robonomist.com\/wp-content\/uploads\/MG_9562-1-768x768.jpg 768w, https:\/\/robonomist.com\/wp-content\/uploads\/MG_9562-1-1536x1536.jpg 1536w, https:\/\/robonomist.com\/wp-content\/uploads\/MG_9562-1-12x12.jpg 12w, https:\/\/robonomist.com\/wp-content\/uploads\/MG_9562-1.jpg 1880w\" sizes=\"(max-width: 750px) 100vw, 750px\" \/>\t\t\t\t\t\t\t\t\t\t\t\t\t\t\t<\/div>\n\t\t\t\t<\/div>\n\t\t\t\t<div class=\"elementor-element elementor-element-6f87760 elementor-widget elementor-widget-text-editor\" data-id=\"6f87760\" data-element_type=\"widget\" data-widget_type=\"text-editor.default\">\n\t\t\t\t<div class=\"elementor-widget-container\">\n\t\t\t\t\t\t\t\t<p style=\"text-align: center;\"><strong>ANTTI J\u00c4PPINEN<\/strong><\/p>\n<p style=\"text-align: center;\"><span style=\"font-size: 12pt;\">antti@robonomist.com\u00a0<\/span><\/p>\t\t\t\t\t\t<\/div>\n\t\t\t\t<\/div>\n\t\t\t\t\t<\/div>\n\t\t<\/div>\n\t\t\t\t\t\t\t<\/div>\n\t\t<\/section>\n\t\t\t\t<section class=\"elementor-section elementor-top-section elementor-element elementor-element-c114d8c elementor-section-boxed elementor-section-height-default elementor-section-height-default\" data-id=\"c114d8c\" data-element_type=\"section\">\n\t\t\t\t\t\t<div class=\"elementor-container elementor-column-gap-default\">\n\t\t\t\t\t<div class=\"elementor-column elementor-col-50 elementor-top-column elementor-element elementor-element-1d8a66d\" data-id=\"1d8a66d\" data-element_type=\"column\">\n\t\t\t<div class=\"elementor-widget-wrap elementor-element-populated\">\n\t\t\t\t\t\t\t\t<div class=\"elementor-element elementor-element-144e8d9 elementor-widget elementor-widget-image\" data-id=\"144e8d9\" data-element_type=\"widget\" data-widget_type=\"image.default\">\n\t\t\t\t<div class=\"elementor-widget-container\">\n\t\t\t\t\t\t\t\t\t\t\t\t\t\t\t<img width=\"750\" height=\"750\" src=\"https:\/\/robonomist.com\/wp-content\/uploads\/MG_9571-3-1024x1024.jpg\" class=\"attachment-large size-large\" alt=\"\" loading=\"lazy\" srcset=\"https:\/\/robonomist.com\/wp-content\/uploads\/MG_9571-3-1024x1024.jpg 1024w, https:\/\/robonomist.com\/wp-content\/uploads\/MG_9571-3-300x300.jpg 300w, https:\/\/robonomist.com\/wp-content\/uploads\/MG_9571-3-150x150.jpg 150w, https:\/\/robonomist.com\/wp-content\/uploads\/MG_9571-3-768x768.jpg 768w, https:\/\/robonomist.com\/wp-content\/uploads\/MG_9571-3-12x12.jpg 12w, https:\/\/robonomist.com\/wp-content\/uploads\/MG_9571-3.jpg 1508w\" sizes=\"(max-width: 750px) 100vw, 750px\" \/>\t\t\t\t\t\t\t\t\t\t\t\t\t\t\t<\/div>\n\t\t\t\t<\/div>\n\t\t\t\t<div class=\"elementor-element elementor-element-51d27fd elementor-widget elementor-widget-text-editor\" data-id=\"51d27fd\" data-element_type=\"widget\" data-widget_type=\"text-editor.default\">\n\t\t\t\t<div class=\"elementor-widget-container\">\n\t\t\t\t\t\t\t\t<p style=\"text-align: center;\"><strong>OTTO LAOSMAA<\/strong><\/p>\n<p style=\"text-align: center;\"><span style=\"font-size: 12pt;\">otto@robonomist.com\u00a0<\/span><\/p>\t\t\t\t\t\t<\/div>\n\t\t\t\t<\/div>\n\t\t\t\t\t<\/div>\n\t\t<\/div>\n\t\t\t\t<div class=\"elementor-column elementor-col-50 elementor-top-column elementor-element elementor-element-b825036\" data-id=\"b825036\" data-element_type=\"column\">\n\t\t\t<div class=\"elementor-widget-wrap elementor-element-populated\">\n\t\t\t\t\t\t\t\t<div class=\"elementor-element elementor-element-5835f3e elementor-widget elementor-widget-image\" data-id=\"5835f3e\" data-element_type=\"widget\" data-widget_type=\"image.default\">\n\t\t\t\t<div class=\"elementor-widget-container\">\n\t\t\t\t\t\t\t\t\t\t\t\t\t\t\t<img width=\"750\" height=\"750\" src=\"https:\/\/robonomist.com\/wp-content\/uploads\/robonomist_thumbs_up-1024x1024.png\" class=\"attachment-large size-large\" alt=\"\" loading=\"lazy\" srcset=\"https:\/\/robonomist.com\/wp-content\/uploads\/robonomist_thumbs_up.png 1024w, https:\/\/robonomist.com\/wp-content\/uploads\/robonomist_thumbs_up-300x300.png 300w, https:\/\/robonomist.com\/wp-content\/uploads\/robonomist_thumbs_up-150x150.png 150w, https:\/\/robonomist.com\/wp-content\/uploads\/robonomist_thumbs_up-768x768.png 768w, https:\/\/robonomist.com\/wp-content\/uploads\/robonomist_thumbs_up-12x12.png 12w\" sizes=\"(max-width: 750px) 100vw, 750px\" \/>\t\t\t\t\t\t\t\t\t\t\t\t\t\t\t<\/div>\n\t\t\t\t<\/div>\n\t\t\t\t<div class=\"elementor-element elementor-element-10228b9 elementor-widget elementor-widget-text-editor\" data-id=\"10228b9\" data-element_type=\"widget\" data-widget_type=\"text-editor.default\">\n\t\t\t\t<div class=\"elementor-widget-container\">\n\t\t\t\t\t\t\t\t<p style=\"text-align: center;\"><strong>Robonomist<\/strong><\/p>\n<p style=\"text-align: center;\"><span style=\"font-size: 12pt;\">team@robonomist.com\u00a0<\/span><\/p>\t\t\t\t\t\t<\/div>\n\t\t\t\t<\/div>\n\t\t\t\t\t<\/div>\n\t\t<\/div>\n\t\t\t\t\t\t\t<\/div>\n\t\t<\/section>\n\t\t\t\t<section class=\"elementor-section elementor-top-section elementor-element elementor-element-45d7060c elementor-hidden-tablet elementor-hidden-phone elementor-section-boxed elementor-section-height-default elementor-section-height-default\" data-id=\"45d7060c\" data-element_type=\"section\">\n\t\t\t\t\t\t<div class=\"elementor-container elementor-column-gap-default\">\n\t\t\t\t\t<div class=\"elementor-column elementor-col-100 elementor-top-column elementor-element elementor-element-7a178ee1\" data-id=\"7a178ee1\" data-element_type=\"column\">\n\t\t\t<div class=\"elementor-widget-wrap elementor-element-populated\">\n\t\t\t\t\t\t\t\t<div class=\"elementor-element elementor-element-f305570 elementor-widget elementor-widget-text-editor\" data-id=\"f305570\" data-element_type=\"widget\" data-widget_type=\"text-editor.default\">\n\t\t\t\t<div class=\"elementor-widget-container\">\n\t\t\t\t\t\t\t\t<!-- wp:paragraph -->\n<h1>Contact:<\/h1>\n<p>Our company is located at the Maria 01 startup campus. The best way to reach us is by email: <span style=\"text-decoration: underline;\"><a href=\"mailto:team@robonomist.com\">team@robonomist.com<\/a><\/span> or by phone:<\/p>\n<ul>\n<li><strong>Juha<\/strong>\n<ul>\n<li>juha@robonomist.com\u00a0<\/li>\n<li>+358 40 7313576<\/li>\n<\/ul>\n<\/li>\n<\/ul>\n<p><\/p>\n<ul>\n<li><strong>Otto\u00a0<\/strong>\u00a0<!-- \/wp:paragraph --><!-- wp:paragraph -->\n<ul>\n<li>otto@robonomist.com<\/li>\n<li>+358 400 609 014<\/li>\n<\/ul>\n<\/li>\n<\/ul>\n<p><\/p>\n<p><strong>Address<\/strong><br \/>Lapinlahdenkatu 16<br \/>00180 Helsinki Finland<\/p>\n<p>business ID: 2967818-1<\/p>\n<p><strong>Mail<br \/><\/strong><span style=\"text-decoration: underline;\"><a href=\"mailto:team@robonomist.com\">team@robonomist.com<\/a><\/span><\/p>\n<p><\/p>\n<p><\/p>\n<!-- \/wp:paragraph -->\t\t\t\t\t\t<\/div>\n\t\t\t\t<\/div>\n\t\t\t\t\t<\/div>\n\t\t<\/div>\n\t\t\t\t\t\t\t<\/div>\n\t\t<\/section>\n\t\t\t\t<section class=\"elementor-section elementor-top-section elementor-element elementor-element-3ae66f7 elementor-hidden-desktop elementor-section-boxed elementor-section-height-default elementor-section-height-default\" data-id=\"3ae66f7\" data-element_type=\"section\">\n\t\t\t\t\t\t<div class=\"elementor-container elementor-column-gap-default\">\n\t\t\t\t\t<div class=\"elementor-column elementor-col-100 elementor-top-column elementor-element elementor-element-143cd39\" data-id=\"143cd39\" data-element_type=\"column\">\n\t\t\t<div class=\"elementor-widget-wrap elementor-element-populated\">\n\t\t\t\t\t\t\t\t<div class=\"elementor-element elementor-element-e821cb8 elementor-widget elementor-widget-text-editor\" data-id=\"e821cb8\" data-element_type=\"widget\" data-widget_type=\"text-editor.default\">\n\t\t\t\t<div class=\"elementor-widget-container\">\n\t\t\t\t\t\t\t\t<!-- wp:paragraph -->\n<h1><span style=\"font-size: 18pt;\">Contact:<\/span><\/h1>\n<p>Our company is located at the Maria 01 startup campus. The best way to reach us is by email: <span style=\"text-decoration: underline;\"><a href=\"mailto:team@robonomist.com\">team@robonomist.com<\/a><\/span> or by phone:<\/p>\n<ul>\n<li>Juhalle +358 40 7313576\u00a0<\/li>\n<li>Otolle\u00a0 +358 400 609 014<!-- \/wp:paragraph --><!-- wp:paragraph --><\/li>\n<\/ul>\n<p><\/p>\n<p><strong>Address<\/strong><br \/>Lapinlahdenkatu 16<br \/>00180 Helsinki Finland<\/p>\n<p>business ID: 2967818-1<\/p>\n<p><strong>Mail<br \/><\/strong><span style=\"text-decoration: underline;\"><a href=\"mailto:team@robonomist.com\">team@robonomist.com<\/a><\/span><\/p>\n<p><\/p>\n<p><\/p>\n<!-- \/wp:paragraph -->\t\t\t\t\t\t<\/div>\n\t\t\t\t<\/div>\n\t\t\t\t\t<\/div>\n\t\t<\/div>\n\t\t\t\t\t\t\t<\/div>\n\t\t<\/section>\n\t\t\t\t<section class=\"elementor-section elementor-top-section elementor-element elementor-element-da4b9e2 elementor-section-boxed elementor-section-height-default elementor-section-height-default\" data-id=\"da4b9e2\" data-element_type=\"section\">\n\t\t\t\t\t\t<div class=\"elementor-container elementor-column-gap-default\">\n\t\t\t\t\t<div class=\"elementor-column elementor-col-100 elementor-top-column elementor-element elementor-element-3c42742\" data-id=\"3c42742\" data-element_type=\"column\">\n\t\t\t<div class=\"elementor-widget-wrap elementor-element-populated\">\n\t\t\t\t\t\t\t\t<div class=\"elementor-element elementor-element-0749ce3 elementor-align-center elementor-widget elementor-widget-button\" data-id=\"0749ce3\" data-element_type=\"widget\" data-widget_type=\"button.default\">\n\t\t\t\t<div class=\"elementor-widget-container\">\n\t\t\t\t\t<div class=\"elementor-button-wrapper\">\n\t\t\t<a href=\"https:\/\/robonomist.com\/en\/meista\/\" target=\"_blank\" class=\"elementor-button-link elementor-button elementor-size-sm\" role=\"button\">\n\t\t\t\t\t\t<span class=\"elementor-button-content-wrapper\">\n\t\t\t\t\t\t<span class=\"elementor-button-text\">About<\/span>\n\t\t<\/span>\n\t\t\t\t\t<\/a>\n\t\t<\/div>\n\t\t\t\t<\/div>\n\t\t\t\t<\/div>\n\t\t\t\t\t<\/div>\n\t\t<\/div>\n\t\t\t\t\t\t\t<\/div>\n\t\t<\/section>\n\t\t\t\t<section class=\"elementor-section elementor-top-section elementor-element elementor-element-9c0d948 elementor-hidden-desktop elementor-hidden-tablet elementor-hidden-phone elementor-section-boxed elementor-section-height-default elementor-section-height-default\" data-id=\"9c0d948\" data-element_type=\"section\">\n\t\t\t\t\t\t<div class=\"elementor-container elementor-column-gap-default\">\n\t\t\t\t\t<div class=\"elementor-column elementor-col-100 elementor-top-column elementor-element elementor-element-a3f7dfd\" data-id=\"a3f7dfd\" data-element_type=\"column\">\n\t\t\t<div class=\"elementor-widget-wrap elementor-element-populated\">\n\t\t\t\t\t\t\t\t<div class=\"elementor-element elementor-element-2d24ee2 elementor-widget elementor-widget-text-editor\" data-id=\"2d24ee2\" data-element_type=\"widget\" data-widget_type=\"text-editor.default\">\n\t\t\t\t<div class=\"elementor-widget-container\">\n\t\t\t\t\t\t\t\t<!-- wp:paragraph -->\n<p>Yrityksemme toimipaikka on Maria01-startup-keskuksessa. Parhaiten saat meid\u00e4t kiinni s\u00e4hk\u00f6postilla osoitteesta <a href=\"mailto:team@robonomist.com\">team@robonomist.com<\/a> or by phone:<\/p>\n<p>Juhalle (juha@robonomist.com) +358 40 7313576 tai<\/p>\n<p>Otolle (otto@robonomist.com) +358 400 609 014<\/p>\n<!-- \/wp:paragraph --><!-- wp:paragraph -->\n<p><\/p>\n<p><strong>Address<\/strong><br \/>Lapinlahdenkatu 16<br \/>00180 Helsinki Finland<br \/>business ID: 2967818-1<\/p>\n<p><strong>Mail<br \/><\/strong><a href=\"mailto:team@robonomist.com\">team@robonomist.com<\/a><\/p>\n<p><\/p>\n<p><\/p>\n<!-- \/wp:paragraph -->\t\t\t\t\t\t<\/div>\n\t\t\t\t<\/div>\n\t\t\t\t\t<\/div>\n\t\t<\/div>\n\t\t\t\t\t\t\t<\/div>\n\t\t<\/section>\n\t\t\t\t<section class=\"elementor-section elementor-top-section elementor-element elementor-element-aa416e9 elementor-section-boxed elementor-section-height-default elementor-section-height-default\" data-id=\"aa416e9\" data-element_type=\"section\">\n\t\t\t\t\t\t<div class=\"elementor-container elementor-column-gap-default\">\n\t\t\t\t\t<div class=\"elementor-column elementor-col-100 elementor-top-column elementor-element elementor-element-dc679a9\" data-id=\"dc679a9\" data-element_type=\"column\">\n\t\t\t<div class=\"elementor-widget-wrap elementor-element-populated\">\n\t\t\t\t\t\t\t\t<div class=\"elementor-element elementor-element-06878ae elementor-widget elementor-widget-image\" data-id=\"06878ae\" data-element_type=\"widget\" data-widget_type=\"image.default\">\n\t\t\t\t<div class=\"elementor-widget-container\">\n\t\t\t\t\t\t\t\t\t\t\t\t\t\t\t<img width=\"750\" height=\"750\" src=\"https:\/\/robonomist.com\/wp-content\/uploads\/Untitled-1-1024x1024.jpg\" class=\"attachment-large size-large\" alt=\"\" loading=\"lazy\" srcset=\"https:\/\/robonomist.com\/wp-content\/uploads\/Untitled-1-1024x1024.jpg 1024w, https:\/\/robonomist.com\/wp-content\/uploads\/Untitled-1-300x300.jpg 300w, https:\/\/robonomist.com\/wp-content\/uploads\/Untitled-1-150x150.jpg 150w, https:\/\/robonomist.com\/wp-content\/uploads\/Untitled-1-768x768.jpg 768w, https:\/\/robonomist.com\/wp-content\/uploads\/Untitled-1.jpg 1257w\" sizes=\"(max-width: 750px) 100vw, 750px\" \/>\t\t\t\t\t\t\t\t\t\t\t\t\t\t\t<\/div>\n\t\t\t\t<\/div>\n\t\t\t\t\t<\/div>\n\t\t<\/div>\n\t\t\t\t\t\t\t<\/div>\n\t\t<\/section>\n\t\t\t\t<section class=\"elementor-section elementor-top-section elementor-element elementor-element-e237c6d elementor-section-boxed elementor-section-height-default elementor-section-height-default\" data-id=\"e237c6d\" data-element_type=\"section\">\n\t\t\t\t\t\t<div class=\"elementor-container elementor-column-gap-default\">\n\t\t\t\t\t<div class=\"elementor-column elementor-col-100 elementor-top-column elementor-element elementor-element-df26ee2\" data-id=\"df26ee2\" data-element_type=\"column\">\n\t\t\t<div class=\"elementor-widget-wrap\">\n\t\t\t\t\t\t\t\t\t<\/div>\n\t\t<\/div>\n\t\t\t\t\t\t\t<\/div>\n\t\t<\/section>\n\t\t\t\t\t\t<\/div>\n\t\t\t\t\t<\/div>","protected":false},"excerpt":{"rendered":"<p>Robonomistin tiimi Robonomistin tiimi JUHA ITKONEN juha@robonomist.com\u00a0 ANTTI J\u00c4PPINEN antti@robonomist.com\u00a0 OTTO LAOSMAA otto@robonomist.com\u00a0 Robonomist team@robonomist.com\u00a0 Yhteystiedot: Yrityksemme toimipaikka on Maria01-startup-keskuksessa. Parhaiten saat meihin yhteyden s\u00e4hk\u00f6postilla team@robonomist.com tai soittamalla Juhalle juha@robonomist.com\u00a0 +358 40 7313576 Otolle\u00a0\u00a0 otto@robonomist.com +358 400 609 014 OsoiteLapinlahdenkatu 1600180 Helsinki Y-tunnus: 2967818-1 S\u00e4hk\u00f6postiteam@robonomist.com Yhteystiedot: Yrityksemme toimipaikka on Maria01-startup-keskuksessa. [&hellip;]<\/p>","protected":false},"author":1,"featured_media":0,"parent":0,"menu_order":0,"comment_status":"closed","ping_status":"closed","template":"","meta":{"inline_featured_image":false,"_monsterinsights_skip_tracking":false,"_monsterinsights_sitenote_active":false,"_monsterinsights_sitenote_note":"","_monsterinsights_sitenote_category":0,"vintage":""},"_links":{"self":[{"href":"https:\/\/robonomist.com\/en\/wp-json\/wp\/v2\/pages\/8"}],"collection":[{"href":"https:\/\/robonomist.com\/en\/wp-json\/wp\/v2\/pages"}],"about":[{"href":"https:\/\/robonomist.com\/en\/wp-json\/wp\/v2\/types\/page"}],"author":[{"embeddable":true,"href":"https:\/\/robonomist.com\/en\/wp-json\/wp\/v2\/users\/1"}],"replies":[{"embeddable":true,"href":"https:\/\/robonomist.com\/en\/wp-json\/wp\/v2\/comments?post=8"}],"version-history":[{"count":54,"href":"https:\/\/robonomist.com\/en\/wp-json\/wp\/v2\/pages\/8\/revisions"}],"predecessor-version":[{"id":105956,"href":"https:\/\/robonomist.com\/en\/wp-json\/wp\/v2\/pages\/8\/revisions\/105956"}],"wp:attachment":[{"href":"https:\/\/robonomist.com\/en\/wp-json\/wp\/v2\/media?parent=8"}],"curies":[{"name":"wp","href":"https:\/\/api.w.org\/{rel}","templated":true}]}}