{"id":93796,"date":"2021-03-18T16:37:34","date_gmt":"2021-03-18T13:37:34","guid":{"rendered":"https:\/\/www.robonomist.com\/?page_id=93796"},"modified":"2024-05-14T13:56:32","modified_gmt":"2024-05-14T10:56:32","slug":"robonomistin-tietoalusta","status":"publish","type":"page","link":"https:\/\/robonomist.com\/en\/robonomistin-tietoalusta\/","title":{"rendered":"Robonomistin tietoalusta"},"content":{"rendered":"<div data-elementor-type=\"wp-page\" data-elementor-id=\"93796\" class=\"elementor elementor-93796\" data-elementor-settings=\"[]\">\n\t\t\t\t\t\t\t<div class=\"elementor-section-wrap\">\n\t\t\t\t\t\t\t<section class=\"elementor-section elementor-top-section elementor-element elementor-element-2811233f elementor-section-boxed elementor-section-height-default elementor-section-height-default\" data-id=\"2811233f\" data-element_type=\"section\">\n\t\t\t\t\t\t<div class=\"elementor-container elementor-column-gap-default\">\n\t\t\t\t\t<div class=\"elementor-column elementor-col-100 elementor-top-column elementor-element elementor-element-3e41ec55\" data-id=\"3e41ec55\" data-element_type=\"column\">\n\t\t\t<div class=\"elementor-widget-wrap elementor-element-populated\">\n\t\t\t\t\t\t\t\t<div class=\"elementor-element elementor-element-51d2be10 elementor-widget elementor-widget-text-editor\" data-id=\"51d2be10\" data-element_type=\"widget\" data-widget_type=\"text-editor.default\">\n\t\t\t\t<div class=\"elementor-widget-container\">\n\t\t\t\t\t\t\t\t<!-- wp:paragraph -->\n<p>Robonomistin automaattisesti p\u00e4ivittyv\u00e4t tuotteet toimivat kehitt\u00e4m\u00e4ll\u00e4mme tietoalustalla, joka tuo hajanaiset tietol\u00e4hteet yhteen paikkaan ja pit\u00e4\u00e4 tiedon aina ajantasaisena.<\/p>\n<!-- \/wp:paragraph --><!-- wp:paragraph -->\n<p>Nyt tarjoamme tietoalustamme rajoitetusti my\u00f6s ulkopuolisten organisaatioiden k\u00e4ytt\u00f6\u00f6n R-kielen ohjelmistopakettina.<\/p>\n<!-- \/wp:paragraph --><!-- wp:list -->\n<ul>\n<li>Data aina ajantasaisena ja heti k\u00e4ytt\u00f6valmiina<\/li>\n<li>Suunniteltu asiantuntijaty\u00f6n tehostamiseen ja automatisointiin<\/li>\n<li>Yli 97 000 jatkuvasti p\u00e4ivittyv\u00e4\u00e4 tietotaulua 60 eri tietol\u00e4hteest\u00e4 13 eri kielell\u00e4<\/li>\n<li>Data on nopeasti taivutettavissa erilaisiin k\u00e4ytt\u00f6tarkoituksiin<\/li>\n<li>Soveltuu automatisoituihin analyyseihin, raportteihin ja sovelluksiin.<\/li>\n<li>Helppo soveltaa edistyneit\u00e4 datatieteen menetelmi\u00e4<\/li>\n<li>Hy\u00f6dynn\u00e4 yli 20 000 R-kielen ohjelmistopakettia datank\u00e4sittelyyn, mallinnukseen ja julkaisuun.<\/li>\n<\/ul>\n<!-- \/wp:list --><!-- wp:heading -->\n<h2>Datat yhteen paikkaan<\/h2>\n<!-- \/wp:heading --><!-- wp:paragraph -->\n<p>Tietoalusta tarjoaa noin 100 000 jatkuvasti p\u00e4ivittyv\u00e4\u00e4 tietotaulua 60 eri l\u00e4hteest\u00e4, ja m\u00e4\u00e4r\u00e4 kasvaa koko ajan. Tietoalusta tuo yhteen esimerkiksi kaikki Tilastokeskuksen, Verohallinnon ja THL:n tilastotiedot helppok\u00e4ytt\u00f6isess\u00e4 muodossa. Alustaa on helppo laajentaa ja lis\u00e4t\u00e4 siihen uusia tietol\u00e4hteit\u00e4.<\/p>\n<!-- \/wp:paragraph --><!-- wp:paragraph -->\n<p>Alustan avulla olemme rakentaneet asiakkaillemme esimerkiksi automatisoituja raportteja, nettisivujen interaktiivisia elementtej\u00e4 ja analyysisovelluksia.<\/p>\n<!-- \/wp:paragraph --><!-- wp:image {\"id\":94141,\"sizeSlug\":\"large\"} -->\n<figure class=\"wp-block-image size-large\"><img loading=\"lazy\" width=\"840\" height=\"454\" src=\"https:\/\/www.robonomist.com\/wp-content\/uploads\/Nimet\u00f6n-esitys-5-1.png\" alt=\"\" class=\"wp-image-94141\" srcset=\"https:\/\/robonomist.com\/wp-content\/uploads\/Nimet\u00f6n-esitys-5-1.png 840w, https:\/\/robonomist.com\/wp-content\/uploads\/Nimet\u00f6n-esitys-5-1-300x162.png 300w, https:\/\/robonomist.com\/wp-content\/uploads\/Nimet\u00f6n-esitys-5-1-768x415.png 768w\" sizes=\"(max-width: 840px) 100vw, 840px\" \/><\/figure>\n<!-- \/wp:image --><!-- wp:heading -->\n<h2>Automatisoi asiantuntijaty\u00f6<\/h2>\n<!-- \/wp:heading --><!-- wp:paragraph -->\n<p>Tietoty\u00f6t\u00e4 on automatisoitu pitk\u00e4\u00e4n, mutta monimutkaisen asiantuntijaty\u00f6n ty\u00f6teht\u00e4vien siirt\u00e4minen tietokoneiden suoritettavaksi on ollut aina haastavaa. Asiantuntijaty\u00f6ss\u00e4 tietotarpeet muuttuvat nopeasti ja niit\u00e4 on vaikea ennakoida. Perinteiset tietoj\u00e4rjestelm\u00e4hankkeet ovat usein kalliita ja kankeita, eik\u00e4 ne valmistuessaan aina vastaa asiantuntijoiden tarpeisiin.<\/p>\n<!-- \/wp:paragraph --><!-- wp:paragraph -->\n<p>Robonomistin tietoalustaa on alusta alkaen l\u00e4hdetty rakentamaan asiantuntijaty\u00f6 mieless\u00e4. Siit\u00e4 on kehitetty nopeasti muokattava ja helppok\u00e4ytt\u00f6inen, jotta data taipuu alati muuttuviin tarpeisiin ja asiantuntijat voivat keskitty\u00e4 omaan ydinosaamiseensa.<\/p>\n<!-- \/wp:paragraph --><!-- wp:heading -->\n<h2>Ota k\u00e4ytt\u00f6\u00f6n<\/h2>\n<!-- \/wp:heading --><!-- wp:paragraph -->\n<p>Tietoalustan k\u00e4ytt\u00f6\u00e4 varten tarvitset Robonomist Data Serverin. Jos haluat ottaa tietoalustan organisaatiossasi koek\u00e4ytt\u00f6\u00f6n, ota yhteytt\u00e4 tiimiimme <a href=\"mailto:team@robonomist.com\">team@robonomist.com<\/a>.<\/p>\n<!-- \/wp:paragraph --><!-- wp:paragraph -->\n<p>Robonomistin tietoalustaan saat yhteyden <code>robonomistClient<\/code> R-paketin avulla. Paketin <a href=\"https:\/\/github.com\/robonomist\/robonomistClient\">l\u00e4hdekoodi ja asennusohjeet<\/a> l\u00f6ytyv\u00e4t GitHub-sivultamme.<\/p>\n<!-- \/wp:paragraph -->\t\t\t\t\t\t<\/div>\n\t\t\t\t<\/div>\n\t\t\t\t\t<\/div>\n\t\t<\/div>\n\t\t\t\t\t\t\t<\/div>\n\t\t<\/section>\n\t\t\t\t\t\t<\/div>\n\t\t\t\t\t<\/div>","protected":false},"excerpt":{"rendered":"<p>Robonomistin automaattisesti p\u00e4ivittyv\u00e4t tuotteet toimivat kehitt\u00e4m\u00e4ll\u00e4mme tietoalustalla, joka tuo hajanaiset tietol\u00e4hteet yhteen paikkaan ja pit\u00e4\u00e4 tiedon aina ajantasaisena. Nyt tarjoamme tietoalustamme rajoitetusti my\u00f6s ulkopuolisten organisaatioiden k\u00e4ytt\u00f6\u00f6n R-kielen ohjelmistopakettina. Data aina ajantasaisena ja heti k\u00e4ytt\u00f6valmiina Suunniteltu asiantuntijaty\u00f6n tehostamiseen ja automatisointiin Yli 97 000 jatkuvasti p\u00e4ivittyv\u00e4\u00e4 tietotaulua 60 eri tietol\u00e4hteest\u00e4 13 eri [&hellip;]<\/p>","protected":false},"author":1,"featured_media":0,"parent":0,"menu_order":0,"comment_status":"closed","ping_status":"closed","template":"","meta":{"inline_featured_image":false,"_monsterinsights_skip_tracking":false,"_monsterinsights_sitenote_active":false,"_monsterinsights_sitenote_note":"","_monsterinsights_sitenote_category":0,"vintage":""},"_links":{"self":[{"href":"https:\/\/robonomist.com\/en\/wp-json\/wp\/v2\/pages\/93796"}],"collection":[{"href":"https:\/\/robonomist.com\/en\/wp-json\/wp\/v2\/pages"}],"about":[{"href":"https:\/\/robonomist.com\/en\/wp-json\/wp\/v2\/types\/page"}],"author":[{"embeddable":true,"href":"https:\/\/robonomist.com\/en\/wp-json\/wp\/v2\/users\/1"}],"replies":[{"embeddable":true,"href":"https:\/\/robonomist.com\/en\/wp-json\/wp\/v2\/comments?post=93796"}],"version-history":[{"count":18,"href":"https:\/\/robonomist.com\/en\/wp-json\/wp\/v2\/pages\/93796\/revisions"}],"predecessor-version":[{"id":103072,"href":"https:\/\/robonomist.com\/en\/wp-json\/wp\/v2\/pages\/93796\/revisions\/103072"}],"wp:attachment":[{"href":"https:\/\/robonomist.com\/en\/wp-json\/wp\/v2\/media?parent=93796"}],"curies":[{"name":"wp","href":"https:\/\/api.w.org\/{rel}","templated":true}]}}